{"id":92,"date":"2020-04-30T20:38:08","date_gmt":"2020-04-30T20:38:08","guid":{"rendered":"http:\/\/www.clrautoglas.de\/?page_id=92"},"modified":"2024-11-17T20:24:15","modified_gmt":"2024-11-17T20:24:15","slug":"leistungen-2","status":"publish","type":"page","link":"https:\/\/www.clrautoglas.de\/?page_id=92","title":{"rendered":"Leistungen"},"content":{"rendered":"<div class=\"icon-box-content\">\n<div class=\"icon-box-heading icon-box-fa-3x\">\n<h3 class=\"h3\">Steinschlagreparatur<\/h3>\n<\/div>\n<p>Steinschl\u00e4ge sind die h\u00e4ufigste Ursache f\u00fcr besch\u00e4digte Windschutzscheiben. Viele dieser Sch\u00e4den lassen sich mit einer Reparatur durch unsere Spezialisten direkt beheben. Die Steinschlagreparatur sollte schnellstm\u00f6glich durchgef\u00fchrt werden, denn ein kleiner Schaden kann sich zu einem Totalverlust der Autoscheibe ausweiten.<\/p>\n<div class=\"icon-box-content\">\n<div class=\"icon-box-heading icon-box-fa-3x\">\n<h3 class=\"h3\">Scheibenaustausch<\/h3>\n<\/div>\n<p>Nicht jeder Schaden am Fahrzeugglas, etwa durch Steinschlag, l\u00e4sst sich reparieren. Abh\u00e4ngig von der Gr\u00f6\u00dfe und Lage des Schadens kann es notwendig sein, die gesamte Autoscheibe auszutauschen. Unsere Autoglaser f\u00fchren den Austausch der Scheibe professionell und ausschlie\u00dflich in Erstausr\u00fcster-Qualit\u00e4t aus.<\/p>\n<div class=\"icon-box-content\">\n<div class=\"icon-box-heading icon-box-fa-3x\">\n<h3 class=\"h3\">Versicherungsabwicklung<\/h3>\n<\/div>\n<p>Ihre Teilkaskoversicherung \u00fcbernimmt bei Glassch\u00e4den in der Regel die Kosten f\u00fcr eine Steinschlagreparatur oder einen Austausch Ihrer Autoscheibe. Im Schadensfall k\u00fcmmert sich unser erfahrenes Team gerne um die Abwicklung der Formalit\u00e4ten mit Ihrer Versicherung.<\/p>\n<div class=\"icon-box-content\">\n<div class=\"icon-box-heading icon-box-fa-3x\">\n<h3 class=\"h3\">Scheibent\u00f6nung<\/h3>\n<\/div>\n<p>Mit einer T\u00f6nung der Scheiben k\u00f6nnen Sie Ihr Fahrzeug optisch aufwerten. Niemand hat eine Chance, das Wageninnere auf Wertgegenst\u00e4nde auszusp\u00e4hen. Mit get\u00f6ntem Autoglas k\u00f6nnen Sie zudem die Chance verringern, durch andere Fahrzeuge oder die Sonne geblendet zu werden. Wir f\u00fchren eine gro\u00dfe Anzahl unterschiedlicher T\u00f6nungen.<\/p>\n<\/div>\n<h3>Sonnenschutzfolie f\u00fcr Flachglas<\/h3>\n<p>Geht es um einfachen Sichtschutz durch Milchglasfolie oder doch um<br \/>\nSonnenschutz mittels Spiegelfolien in verschiedenen T\u00f6nungsgrade, welche<br \/>\neinen Schutz vor Blicke aber auch einen w\u00e4rme Schutz bietet. Wir sind da Ihr<br \/>\nrichtiger Ansprechpartner.<\/p>\n<h3>Lackschutzfolie<\/h3>\n<p>Um den Wert Ihres Fahrzeug zu steigern, den Lack vor l\u00e4stigen Steinschl\u00e4gen<br \/>\nund Witterungseinfl\u00fcsse oder einfach nur die Ladekante und Einstiege zu<br \/>\nsch\u00fctzen, bieten wir transparente gl\u00e4nzende und matte Lackschutzfolie an.<\/p>\n<h3>Car-Wrapping<\/h3>\n<p>Wenn Ihnen die Farbe Ihres Fahrzeuges zu langweilig geworden ist oder sie<br \/>\neinfach nur mal Lust auf etwas neues haben, k\u00f6nnen wir mit Ihnen zusammen<br \/>\neine L\u00f6sung erarbeiten. Dabei arbeiten wir nur mit qualitativ hochwertigen<br \/>\nFolien von 3m, Avery und Orafol,<\/p>\n<div class=\"icon-box-content\">\n<div class=\"icon-box-content\">\n<div class=\"icon-box-heading icon-box-fa-3x\">\n<h3 class=\"h3\">Garantie und Qualit\u00e4t<\/h3>\n<\/div>\n<p>Wir geben uns nicht nur bei unserem\u00a0Service, sondern auch bei der Qualit\u00e4t nur mit dem Besten zufrieden. Beim Scheibenaustausch verbauen wir ausschlie\u00dflich Scheiben von namhaften Herstellern in Erstausr\u00fcsterqualit\u00e4t und gew\u00e4hren 10 Jahre Garantie auf Dichtigkeit.<\/p>\n<div class=\"icon-box-content\">\n<div class=\"icon-box-heading icon-box-fa-3x\">\n<h3 class=\"h3\">Mobiler vor Ort Service<\/h3>\n<\/div>\n<p>Durch unseren vor Ort Service sparen Sie viel Zeit, Geld und einen unn\u00f6tigen Werkstattaufenthalt. Wir begeben uns ohne zus\u00e4tzliche Kosten zu Ihnen und f\u00fchren, wenn m\u00f6glich, die Reparatur direkt vor Ort aus.<\/p>\n<h3 class=\"h3\">Hol &#8211; und Bringservice<\/h3>\n<p>Gerne holen wir Ihr Fahrzeug an Ihrem Wunschort ab und bringen es wieder zur\u00fcck. Alternativ bringen Sie uns Ihr Fahrzeug vorbei und wir bringen Sie nach Hause und holen Sie auch wieder ab.<\/p>\n<p>&nbsp;<\/p>\n<h3 class=\"h3\"><\/h3>\n<p>&nbsp;<\/p>\n<\/div>\n<\/div>\n<\/div>\n<\/div>\n<\/div>\n<\/div>\n","protected":false},"excerpt":{"rendered":"<p>Steinschlagreparatur Steinschl\u00e4ge sind die h\u00e4ufigste Ursache f\u00fcr besch\u00e4digte Windschutzscheiben. Viele dieser Sch\u00e4den lassen sich mit einer Reparatur durch unsere Spezialisten direkt beheben. Die Steinschlagreparatur sollte schnellstm\u00f6glich durchgef\u00fchrt werden, denn ein kleiner Schaden kann sich zu einem Totalverlust der Autoscheibe ausweiten. Scheibenaustausch Nicht jeder Schaden am Fahrzeugglas, etwa durch Steinschlag, l\u00e4sst sich reparieren. Abh\u00e4ngig von der [&hellip;]<\/p>\n","protected":false},"author":1,"featured_media":0,"parent":0,"menu_order":0,"comment_status":"closed","ping_status":"closed","template":"","meta":{"_monsterinsights_skip_tracking":false,"_monsterinsights_sitenote_active":false,"_monsterinsights_sitenote_note":"","_monsterinsights_sitenote_category":0,"footnotes":""},"class_list":["post-92","page","type-page","status-publish","hentry"],"_links":{"self":[{"href":"https:\/\/www.clrautoglas.de\/index.php?rest_route=\/wp\/v2\/pages\/92","targetHints":{"allow":["GET"]}}],"collection":[{"href":"https:\/\/www.clrautoglas.de\/index.php?rest_route=\/wp\/v2\/pages"}],"about":[{"href":"https:\/\/www.clrautoglas.de\/index.php?rest_route=\/wp\/v2\/types\/page"}],"author":[{"embeddable":true,"href":"https:\/\/www.clrautoglas.de\/index.php?rest_route=\/wp\/v2\/users\/1"}],"replies":[{"embeddable":true,"href":"https:\/\/www.clrautoglas.de\/index.php?rest_route=%2Fwp%2Fv2%2Fcomments&post=92"}],"version-history":[{"count":4,"href":"https:\/\/www.clrautoglas.de\/index.php?rest_route=\/wp\/v2\/pages\/92\/revisions"}],"predecessor-version":[{"id":121,"href":"https:\/\/www.clrautoglas.de\/index.php?rest_route=\/wp\/v2\/pages\/92\/revisions\/121"}],"wp:attachment":[{"href":"https:\/\/www.clrautoglas.de\/index.php?rest_route=%2Fwp%2Fv2%2Fmedia&parent=92"}],"curies":[{"name":"wp","href":"https:\/\/api.w.org\/{rel}","templated":true}]}}