{"id":83,"date":"2020-04-30T20:11:39","date_gmt":"2020-04-30T20:11:39","guid":{"rendered":"http:\/\/www.clrautoglas.de\/?page_id=83"},"modified":"2024-11-17T20:20:36","modified_gmt":"2024-11-17T20:20:36","slug":"kontakt-impressum","status":"publish","type":"page","link":"https:\/\/www.clrautoglas.de\/?page_id=83","title":{"rendered":"Kontakt \/ Impressum"},"content":{"rendered":"<p style=\"text-align: left;\">CLRautoglas<\/p>\n<p>D\u00fcsseldorfer Str. 97<\/p>\n<p>51379 Leverkusen<\/p>\n<p>Tel: +49 (0) 178 &#8211; 69 29 741<\/p>\n<p>Email: info@clrautoglas.de<\/p>\n<p>Inh. Christian Riman<\/p>\n<p><strong>Rechtliche Hinweise<\/strong><\/p>\n<p>Die auf den Webseiten von CLRautoglas zur Verf\u00fcgung gestellten Informationen werden unter Beachtung gr\u00f6\u00dfter Sorgfalt laufend aktualisiert und erg\u00e4nzt. Dennoch kann keine Garantie f\u00fcr die Richtigkeit und Vollst\u00e4ndigkeit der angegebenen Daten \u00fcbernommen werden, da eine zwischenzeitlich eingetretene \u00c4nderung nicht g\u00e4nzlich auszuschlie\u00dfen ist. Dies gilt ebenso f\u00fcr s\u00e4mtliche Webseiten Dritter, auf die durch einen Hyperlink verwiesen wird. F\u00fcr dort enthaltene Informationen (fremde Inhalte) zu denen mittels Hyperlink lediglich der Zugang zur Nutzung vermittelt wird, ist CLRautoglas nicht verantwortlich, \u00a7 5 Abs. 3 TDG.<\/p>\n<p>CLRautoglas schlie\u00dft demnach jegliche Haftung im oben genannten Zusammenhang aus.<\/p>\n<p>Inhalt und Gestaltung der Webseiten von CLRautoglas sind urheberrechtlich gesch\u00fctzt und d\u00fcrfen ausschlie\u00dflich von autorisierten Personen von CLRautoglas ge\u00e4ndert oder erg\u00e4nzt werden. Die Vervielf\u00e4ltigung der enthaltenen Daten und Informationen bedarf der vorherigen schriftlichen Zustimmung durch CLRautoglas.<\/p>\n<hr \/>\n<p>&nbsp;<\/p>\n<p>\u00a9 Copyright der gesamten Website: CLRautoglas<\/p>\n<hr \/>\n<p><small>Datenschutz<\/small><\/p>\n<p><small>Diese Website benutzt Google Analytics, einen Webanalysedienst der Google Inc. (\u00bbGoogle\u00ab). Google Analytics verwendet sogenannte \u00bbCookies\u00ab, Textdateien, die auf Ihrem Computer gespeichert werden und die eine Analyse der Benutzung der Website durch Sie erm\u00f6glicht. Die durch den Google-Analytics-Cookie erzeugten Informationen \u00fcber Ihre Benutzung dieser Website (einschlie\u00dflich Ihrer IP-Adresse) wird an einen Server der Google Inc. in den USA \u00fcbertragen und dort gespeichert. Google wird diese Informationen benutzen, um Ihre Nutzung der Webseite auszuwerten, um Reports \u00fcber die Webseitenaktivit\u00e4ten uns zusammenzustellen und um weitere mit der Webseitennutzung und der Internetnutzung verbundene Dienstleistungen zu erbringen. Auch wird Google diese Informationen gegebenenfalls an Dritte \u00fcbertragen, sofern dies gesetzlich vorgeschrieben oder soweit Dritte diese Daten im Auftrag von Google verarbeiten. Google wird in keinem Fall Ihre IP-Adresse mit anderen Daten der Google Inc. in Verbindung bringen. Sie k\u00f6nnen die Installation von Cookies durch eine entsprechende Einstellung Ihres Browsers verhindern; wir weisen Sie jedoch darauf hin, dass Sie in diesem Fall gegebenenfalls nicht s\u00e4mtliche Funktionen dieser Webseite voll umf\u00e4nglich nutzen k\u00f6nnen. Durch die Nutzung dieser Webseite erkl\u00e4ren Sie sich mit der Bearbeitung der \u00fcber Sie erhobenen Daten durch Google in der zuvor beschriebenen Art und Weise und zu dem zuvor benannten Zweck einverstanden.<\/small><\/p>\n<p>&nbsp;<\/p>\n<p>&nbsp;<\/p>\n<p>&nbsp;<\/p>\n<p>&nbsp;<\/p>\n","protected":false},"excerpt":{"rendered":"<p>CLRautoglas D\u00fcsseldorfer Str. 97 51379 Leverkusen Tel: +49 (0) 178 &#8211; 69 29 741 Email: info@clrautoglas.de Inh. Christian Riman Rechtliche Hinweise Die auf den Webseiten von CLRautoglas zur Verf\u00fcgung gestellten Informationen werden unter Beachtung gr\u00f6\u00dfter Sorgfalt laufend aktualisiert und erg\u00e4nzt. Dennoch kann keine Garantie f\u00fcr die Richtigkeit und Vollst\u00e4ndigkeit der angegebenen Daten \u00fcbernommen werden, da [&hellip;]<\/p>\n","protected":false},"author":1,"featured_media":0,"parent":8,"menu_order":0,"comment_status":"closed","ping_status":"closed","template":"","meta":{"_monsterinsights_skip_tracking":false,"_monsterinsights_sitenote_active":false,"_monsterinsights_sitenote_note":"","_monsterinsights_sitenote_category":0,"footnotes":""},"class_list":["post-83","page","type-page","status-publish","hentry"],"_links":{"self":[{"href":"https:\/\/www.clrautoglas.de\/index.php?rest_route=\/wp\/v2\/pages\/83"}],"collection":[{"href":"https:\/\/www.clrautoglas.de\/index.php?rest_route=\/wp\/v2\/pages"}],"about":[{"href":"https:\/\/www.clrautoglas.de\/index.php?rest_route=\/wp\/v2\/types\/page"}],"author":[{"embeddable":true,"href":"https:\/\/www.clrautoglas.de\/index.php?rest_route=\/wp\/v2\/users\/1"}],"replies":[{"embeddable":true,"href":"https:\/\/www.clrautoglas.de\/index.php?rest_route=%2Fwp%2Fv2%2Fcomments&post=83"}],"version-history":[{"count":5,"href":"https:\/\/www.clrautoglas.de\/index.php?rest_route=\/wp\/v2\/pages\/83\/revisions"}],"predecessor-version":[{"id":117,"href":"https:\/\/www.clrautoglas.de\/index.php?rest_route=\/wp\/v2\/pages\/83\/revisions\/117"}],"up":[{"embeddable":true,"href":"https:\/\/www.clrautoglas.de\/index.php?rest_route=\/wp\/v2\/pages\/8"}],"wp:attachment":[{"href":"https:\/\/www.clrautoglas.de\/index.php?rest_route=%2Fwp%2Fv2%2Fmedia&parent=83"}],"curies":[{"name":"wp","href":"https:\/\/api.w.org\/{rel}","templated":true}]}}