{"id":8,"date":"2019-03-31T13:42:52","date_gmt":"2019-03-31T13:42:52","guid":{"rendered":"http:\/\/www.clrautoglas.de\/?page_id=8"},"modified":"2024-11-17T20:17:55","modified_gmt":"2024-11-17T20:17:55","slug":"start","status":"publish","type":"page","link":"https:\/\/www.clrautoglas.de\/","title":{"rendered":"\u00dcber uns"},"content":{"rendered":"<div id=\"pl-8\" class=\"panel-layout\">\n<div data-index=\"0\" data-style=\"{&quot;background_image_attachment&quot;:false,&quot;background_display&quot;:&quot;tile&quot;}\">\n<div class=\"wpb_column pos-middle pos-center align_left column_parent col-lg-6 single-internal-gutter\">\n<div class=\"uncol style-light\">\n<div class=\"uncoltable\">\n<div class=\"uncell no-block-padding\">\n<div class=\"uncont\">\n<div class=\"uncode_text_column left-t-right animate_when_almost_visible start_animation\">\n<h1>CLRautoglas &#8211; Ihr zuverl\u00e4ssiger Partner in Leverkusen und Langenfeld<\/h1>\n<h2>Unser mobiler Autoglas-Service hilft Ihnen auch in der Umgebung weiter!<\/h2>\n<p>Wir sind Ihre zuverl\u00e4ssigen und kompetenten Spezialisten rund ums Autoglas. Ganz gleich, ob ein Scheibenwechsel durchgef\u00fchrt werden muss oder die Windschutzscheibe mit einer Scheibenreparatur gerettet werden kann, unser Team ist spezialisiert auf die schnelle und fachgerechte Ausf\u00fchrung. Ihre Teilkasko-Versicherung \u00fcbernimmt in der Regel die Kosten f\u00fcr Reparatur oder Austausch vom Autoglas, die Schadenfreiheitsklasse bleibt unber\u00fchrt.<\/p>\n<p>Rufen Sie uns an:<\/p>\n<p>+49 (0) 178-69 29 741<\/p>\n<p>oder schreiben Sie uns eine Email an: <a href=\"mailto:info@clrautoglas.de\">info@clrautoglas.de<\/a><\/p>\n<\/div>\n<p>&nbsp;<\/p>\n<\/div>\n<\/div>\n<\/div>\n<\/div>\n<\/div>\n<\/div>\n<\/div>\n","protected":false},"excerpt":{"rendered":"<p>CLRautoglas &#8211; Ihr zuverl\u00e4ssiger Partner in Leverkusen und Langenfeld Unser mobiler Autoglas-Service hilft Ihnen auch in der Umgebung weiter! Wir sind Ihre zuverl\u00e4ssigen und kompetenten Spezialisten rund ums Autoglas. Ganz gleich, ob ein Scheibenwechsel durchgef\u00fchrt werden muss oder die Windschutzscheibe mit einer Scheibenreparatur gerettet werden kann, unser Team ist spezialisiert auf die schnelle und fachgerechte [&hellip;]<\/p>\n","protected":false},"author":1,"featured_media":0,"parent":0,"menu_order":0,"comment_status":"closed","ping_status":"closed","template":"","meta":{"_monsterinsights_skip_tracking":false,"_monsterinsights_sitenote_active":false,"_monsterinsights_sitenote_note":"","_monsterinsights_sitenote_category":0,"footnotes":""},"class_list":["post-8","page","type-page","status-publish","hentry"],"_links":{"self":[{"href":"https:\/\/www.clrautoglas.de\/index.php?rest_route=\/wp\/v2\/pages\/8"}],"collection":[{"href":"https:\/\/www.clrautoglas.de\/index.php?rest_route=\/wp\/v2\/pages"}],"about":[{"href":"https:\/\/www.clrautoglas.de\/index.php?rest_route=\/wp\/v2\/types\/page"}],"author":[{"embeddable":true,"href":"https:\/\/www.clrautoglas.de\/index.php?rest_route=\/wp\/v2\/users\/1"}],"replies":[{"embeddable":true,"href":"https:\/\/www.clrautoglas.de\/index.php?rest_route=%2Fwp%2Fv2%2Fcomments&post=8"}],"version-history":[{"count":30,"href":"https:\/\/www.clrautoglas.de\/index.php?rest_route=\/wp\/v2\/pages\/8\/revisions"}],"predecessor-version":[{"id":119,"href":"https:\/\/www.clrautoglas.de\/index.php?rest_route=\/wp\/v2\/pages\/8\/revisions\/119"}],"wp:attachment":[{"href":"https:\/\/www.clrautoglas.de\/index.php?rest_route=%2Fwp%2Fv2%2Fmedia&parent=8"}],"curies":[{"name":"wp","href":"https:\/\/api.w.org\/{rel}","templated":true}]}}